{"id":308,"date":"2025-07-27T11:28:11","date_gmt":"2025-07-27T11:28:11","guid":{"rendered":"https:\/\/techconnectfestival.eu\/?page_id=308"},"modified":"2025-08-18T19:19:34","modified_gmt":"2025-08-18T19:19:34","slug":"politica-de-cookies","status":"publish","type":"page","link":"https:\/\/techconnectfestival.eu\/en\/politica-de-cookies\/","title":{"rendered":"Cookie Policy"},"content":{"rendered":"<p>Last updated: July 28, 2025<\/p>\n\n\n\n<h2 class=\"wp-block-heading\"><strong>What are cookies?<\/strong><\/h2>\n\n\n\n<p>Cookies are small text files stored on your device when you visit a website. They help us recognize your device, remember your preferences, and understand how you interact with our content.<\/p>\n\n\n\n<h2 class=\"wp-block-heading\"><strong>Types of cookies we use:<\/strong><\/h2>\n\n\n\n<p>Essential cookies \u2013 required for the site to function properly.<\/p>\n\n\n\n<p>Analytics cookies \u2013 provide insights into how users access and use the site.<\/p>\n\n\n\n<p>Functionality cookies \u2013 remember user preferences (e.g. language).<\/p>\n\n\n\n<p>Marketing cookies \u2013 may be used to personalize content or ads, where applicable.<\/p>\n\n\n\n<h2 class=\"wp-block-heading\"><strong>How can you control cookies?<\/strong><\/h2>\n\n\n\n<p>You can manage cookie settings in your browser. You can also choose to refuse certain types of cookies through the consent banner displayed on your first visit.<\/p>\n\n\n\n<p><\/p>","protected":false},"excerpt":{"rendered":"<p>Ultima actualizare: 28.07.2025 Ce sunt cookie-urile? Cookie-urile sunt fi\u0219iere text mici, stocate pe dispozitivul t\u0103u atunci c\u00e2nd vizitezi un site web. Ele ne ajut\u0103 s\u0103 recunoa\u0219tem dispozitivul, s\u0103 re\u021binem preferin\u021bele tale \u0219i s\u0103 \u00een\u021belegem modul \u00een care interac\u021bionezi cu con\u021binutul nostru. Tipuri de cookie-uri folosite: &#8211; Cookie-uri esen\u021biale \u2013 necesare pentru func\u021bionarea corect\u0103 a site-ului. [&hellip;]<\/p>","protected":false},"author":1,"featured_media":0,"parent":0,"menu_order":0,"comment_status":"closed","ping_status":"closed","template":"","meta":{"footnotes":""},"class_list":["post-308","page","type-page","status-publish","hentry"],"_links":{"self":[{"href":"https:\/\/techconnectfestival.eu\/en\/wp-json\/wp\/v2\/pages\/308","targetHints":{"allow":["GET"]}}],"collection":[{"href":"https:\/\/techconnectfestival.eu\/en\/wp-json\/wp\/v2\/pages"}],"about":[{"href":"https:\/\/techconnectfestival.eu\/en\/wp-json\/wp\/v2\/types\/page"}],"author":[{"embeddable":true,"href":"https:\/\/techconnectfestival.eu\/en\/wp-json\/wp\/v2\/users\/1"}],"replies":[{"embeddable":true,"href":"https:\/\/techconnectfestival.eu\/en\/wp-json\/wp\/v2\/comments?post=308"}],"version-history":[{"count":15,"href":"https:\/\/techconnectfestival.eu\/en\/wp-json\/wp\/v2\/pages\/308\/revisions"}],"predecessor-version":[{"id":1259,"href":"https:\/\/techconnectfestival.eu\/en\/wp-json\/wp\/v2\/pages\/308\/revisions\/1259"}],"wp:attachment":[{"href":"https:\/\/techconnectfestival.eu\/en\/wp-json\/wp\/v2\/media?parent=308"}],"curies":[{"name":"wp","href":"https:\/\/api.w.org\/{rel}","templated":true}]}}